{"id":5083,"date":"2025-01-02T12:50:06","date_gmt":"2025-01-02T11:50:06","guid":{"rendered":"https:\/\/lidiadecastro.com\/santander\/?page_id=5083"},"modified":"2026-02-04T14:53:45","modified_gmt":"2026-02-04T13:53:45","slug":"tratamiento-cabello-santander","status":"publish","type":"page","link":"https:\/\/lidiadecastro.com\/santander\/tratamiento-cabello-santander\/","title":{"rendered":"Cabello"},"content":{"rendered":"\t\t<div data-elementor-type=\"wp-page\" data-elementor-id=\"5083\" class=\"elementor elementor-5083\" data-elementor-post-type=\"page\">\n\t\t\t\t\t\t<section class=\"elementor-section elementor-top-section elementor-element elementor-element-9c79b26 elementor-section-full_width elementor-section-stretched elementor-section-height-min-height elementor-section-height-default elementor-section-items-middle\" data-id=\"9c79b26\" data-element_type=\"section\" data-e-type=\"section\" data-settings=\"{&quot;stretch_section&quot;:&quot;section-stretched&quot;,&quot;background_background&quot;:&quot;classic&quot;}\">\n\t\t\t\t\t\t\t<div class=\"elementor-background-overlay\"><\/div>\n\t\t\t\t\t\t\t<div class=\"elementor-container elementor-column-gap-default\">\n\t\t\t\t\t<div class=\"elementor-column elementor-col-100 elementor-top-column elementor-element elementor-element-60c0a7b\" data-id=\"60c0a7b\" data-element_type=\"column\" data-e-type=\"column\">\n\t\t\t<div class=\"elementor-widget-wrap elementor-element-populated\">\n\t\t\t\t\t\t<div class=\"elementor-element elementor-element-06406fc elementor-widget elementor-widget-heading\" data-id=\"06406fc\" data-element_type=\"widget\" data-e-type=\"widget\" data-widget_type=\"heading.default\">\n\t\t\t\t\t<span class=\"elementor-heading-title elementor-size-default\">Tratamiento para el Cabello en Santander<\/span>\t\t\t\t<\/div>\n\t\t\t\t\t<\/div>\n\t\t<\/div>\n\t\t\t\t\t<\/div>\n\t\t<\/section>\n\t\t\t\t<section class=\"elementor-section elementor-top-section elementor-element elementor-element-4f779e5 elementor-section-full_width elementor-section-stretched elementor-section-height-default elementor-section-height-default\" data-id=\"4f779e5\" data-element_type=\"section\" data-e-type=\"section\" data-settings=\"{&quot;background_background&quot;:&quot;classic&quot;,&quot;stretch_section&quot;:&quot;section-stretched&quot;}\">\n\t\t\t\t\t\t<div class=\"elementor-container elementor-column-gap-default\">\n\t\t\t\t\t<div class=\"make-column-clickable-elementor elementor-column elementor-col-50 elementor-top-column elementor-element elementor-element-bc741a8 menu-ancla\" style=\"cursor: pointer;\" data-column-clickable=\"#spa-hidratacion\" data-column-clickable-blank=\"_self\" data-id=\"bc741a8\" data-element_type=\"column\" data-e-type=\"column\" data-settings=\"{&quot;background_background&quot;:&quot;classic&quot;}\">\n\t\t\t<div class=\"elementor-widget-wrap elementor-element-populated\">\n\t\t\t\t\t\t<div class=\"elementor-element elementor-element-9b4bdeb txt-menu-ancla elementor-widget elementor-widget-heading\" data-id=\"9b4bdeb\" data-element_type=\"widget\" data-e-type=\"widget\" data-widget_type=\"heading.default\">\n\t\t\t\t\t<span class=\"elementor-heading-title elementor-size-default\">Spa Hidrataci\u00f3n<\/span>\t\t\t\t<\/div>\n\t\t\t\t\t<\/div>\n\t\t<\/div>\n\t\t\t\t<div class=\"make-column-clickable-elementor elementor-column elementor-col-50 elementor-top-column elementor-element elementor-element-33a1e9c menu-ancla\" style=\"cursor: pointer;\" data-column-clickable=\"#spa-reparacion\" data-column-clickable-blank=\"_self\" data-id=\"33a1e9c\" data-element_type=\"column\" data-e-type=\"column\" data-settings=\"{&quot;background_background&quot;:&quot;classic&quot;}\">\n\t\t\t<div class=\"elementor-widget-wrap elementor-element-populated\">\n\t\t\t\t\t\t<div class=\"elementor-element elementor-element-52ad504 txt-menu-ancla elementor-widget elementor-widget-heading\" data-id=\"52ad504\" data-element_type=\"widget\" data-e-type=\"widget\" data-widget_type=\"heading.default\">\n\t\t\t\t\t<span class=\"elementor-heading-title elementor-size-default\">Spa Reparaci\u00f3n<\/span>\t\t\t\t<\/div>\n\t\t\t\t\t<\/div>\n\t\t<\/div>\n\t\t\t\t\t<\/div>\n\t\t<\/section>\n\t\t\t\t<section class=\"elementor-section elementor-top-section elementor-element elementor-element-2708bfb elementor-section-full_width elementor-section-stretched elementor-section-height-default elementor-section-height-default\" data-id=\"2708bfb\" data-element_type=\"section\" data-e-type=\"section\" data-settings=\"{&quot;stretch_section&quot;:&quot;section-stretched&quot;,&quot;background_background&quot;:&quot;classic&quot;}\">\n\t\t\t\t\t\t<div class=\"elementor-container elementor-column-gap-default\">\n\t\t\t\t\t<div class=\"elementor-column elementor-col-50 elementor-top-column elementor-element elementor-element-9ef0e01\" data-id=\"9ef0e01\" data-element_type=\"column\" data-e-type=\"column\">\n\t\t\t<div class=\"elementor-widget-wrap elementor-element-populated\">\n\t\t\t\t\t\t<div class=\"elementor-element elementor-element-7d98bf8 elementor-widget elementor-widget-heading\" data-id=\"7d98bf8\" data-element_type=\"widget\" data-e-type=\"widget\" data-widget_type=\"heading.default\">\n\t\t\t\t\t<h2 class=\"elementor-heading-title elementor-size-default\">Tallo Capilar<\/h2>\t\t\t\t<\/div>\n\t\t\t\t<div class=\"elementor-element elementor-element-83d2ce1 elementor-widget elementor-widget-menu-anchor\" data-id=\"83d2ce1\" data-element_type=\"widget\" data-e-type=\"widget\" data-widget_type=\"menu-anchor.default\">\n\t\t\t\t\t\t\t<div class=\"elementor-menu-anchor\" id=\"spa-hidratacion\"><\/div>\n\t\t\t\t\t\t<\/div>\n\t\t\t\t\t<\/div>\n\t\t<\/div>\n\t\t\t\t<div class=\"elementor-column elementor-col-50 elementor-top-column elementor-element elementor-element-5e64d2e\" data-id=\"5e64d2e\" data-element_type=\"column\" data-e-type=\"column\">\n\t\t\t<div class=\"elementor-widget-wrap\">\n\t\t\t\t\t\t\t<\/div>\n\t\t<\/div>\n\t\t\t\t\t<\/div>\n\t\t<\/section>\n\t\t\t\t<section class=\"elementor-section elementor-top-section elementor-element elementor-element-874b81f elementor-section-full_width elementor-section-stretched elementor-section-height-default elementor-section-height-default\" data-id=\"874b81f\" data-element_type=\"section\" data-e-type=\"section\" data-settings=\"{&quot;stretch_section&quot;:&quot;section-stretched&quot;,&quot;background_background&quot;:&quot;classic&quot;}\">\n\t\t\t\t\t\t<div class=\"elementor-container elementor-column-gap-default\">\n\t\t\t\t\t<div class=\"elementor-column elementor-col-33 elementor-top-column elementor-element elementor-element-ccd2b5a\" data-id=\"ccd2b5a\" data-element_type=\"column\" data-e-type=\"column\">\n\t\t\t<div class=\"elementor-widget-wrap elementor-element-populated\">\n\t\t\t\t\t\t<div class=\"elementor-element elementor-element-f465097 elementor-widget elementor-widget-image\" data-id=\"f465097\" data-element_type=\"widget\" data-e-type=\"widget\" data-settings=\"{&quot;sticky&quot;:&quot;top&quot;,&quot;sticky_offset&quot;:20,&quot;sticky_effects_offset&quot;:1,&quot;sticky_parent&quot;:&quot;yes&quot;,&quot;sticky_on&quot;:[&quot;desktop&quot;,&quot;tablet&quot;,&quot;mobile&quot;],&quot;sticky_anchor_link_offset&quot;:0}\" data-widget_type=\"image.default\">\n\t\t\t\t\t\t\t\t\t\t\t\t\t\t\t<img fetchpriority=\"high\" decoding=\"async\" width=\"592\" height=\"1024\" src=\"https:\/\/lidiadecastro.com\/santander\/wp-content\/uploads\/Reparacion-592x1024.webp\" class=\"attachment-large size-large wp-image-5294\" alt=\"\" srcset=\"https:\/\/lidiadecastro.com\/santander\/wp-content\/uploads\/Reparacion-592x1024.webp 592w, https:\/\/lidiadecastro.com\/santander\/wp-content\/uploads\/Reparacion-173x300.webp 173w, https:\/\/lidiadecastro.com\/santander\/wp-content\/uploads\/Reparacion-768x1329.webp 768w, https:\/\/lidiadecastro.com\/santander\/wp-content\/uploads\/Reparacion-887x1536.webp 887w, https:\/\/lidiadecastro.com\/santander\/wp-content\/uploads\/Reparacion.webp 1000w\" sizes=\"(max-width: 592px) 100vw, 592px\" title=\"\">\t\t\t\t\t\t\t\t\t\t\t\t\t\t\t<\/div>\n\t\t\t\t\t<\/div>\n\t\t<\/div>\n\t\t\t\t<div class=\"elementor-column elementor-col-33 elementor-top-column elementor-element elementor-element-4a4a56e\" data-id=\"4a4a56e\" data-element_type=\"column\" data-e-type=\"column\">\n\t\t\t<div class=\"elementor-widget-wrap elementor-element-populated\">\n\t\t\t\t\t\t<div class=\"elementor-element elementor-element-3ddf030 elementor-widget elementor-widget-heading\" data-id=\"3ddf030\" data-element_type=\"widget\" data-e-type=\"widget\" data-widget_type=\"heading.default\">\n\t\t\t\t\t<span class=\"elementor-heading-title elementor-size-default\">01<\/span>\t\t\t\t<\/div>\n\t\t\t\t<div class=\"elementor-element elementor-element-4e2f327 elementor-widget elementor-widget-heading\" data-id=\"4e2f327\" data-element_type=\"widget\" data-e-type=\"widget\" data-widget_type=\"heading.default\">\n\t\t\t\t\t<h3 class=\"elementor-heading-title elementor-size-default\">Spa hidrataci\u00f3n<\/h3>\t\t\t\t<\/div>\n\t\t\t\t<div class=\"elementor-element elementor-element-1e0216d elementor-widget elementor-widget-heading\" data-id=\"1e0216d\" data-element_type=\"widget\" data-e-type=\"widget\" data-widget_type=\"heading.default\">\n\t\t\t\t\t<span class=\"elementor-heading-title elementor-size-default\">\u2018\u2018<\/span>\t\t\t\t<\/div>\n\t\t\t\t<div class=\"elementor-element elementor-element-5bbba21 elementor-widget elementor-widget-text-editor\" data-id=\"5bbba21\" data-element_type=\"widget\" data-e-type=\"widget\" data-widget_type=\"text-editor.default\">\n\t\t\t\t\t\t\t\t\t<p>La uni\u00f3n perfecta entre ciencia y bienestar en un ritual de transformaci\u00f3n capilar.<br \/>Un tratamiento de hidrataci\u00f3n profunda que restaura, fortalece y devuelve la vitalidad al cabello desde el interior.<br \/>Comenzamos con un an\u00e1lisis personalizado para conocer las necesidades de tu fibra capilar. Luego, te envolver\u00e1s en un ambiente de spa donde la bruma de nanopart\u00edculas act\u00faa como un suave vapor que potencia la absorci\u00f3n de activos, purifica y libera cada hebra del estr\u00e9s.<br \/>Una experiencia sensorial en nuestro santuario de belleza, dise\u00f1ada para revelar el brillo, la suavidad y la armon\u00eda natural de tu cabello.<\/p><p><span style=\"text-decoration: underline;\"><em><strong>1 &#8211; Opciones de tratamiento HEAD SPA<\/strong><\/em><\/span><\/p><p><em><strong>Incluye:<\/strong><\/em><\/p><p>Diagn\u00f3stico<br \/>Aromaterapia<br \/>Cascada de agua<br \/>Alta frecuencia<br \/>Masaje craneal, hombros, brazos y manos<br \/>Bruma NanoMist Therapy<br \/>Peinado o secado simple<\/p><p><strong>Con peinado pelo corto\/medio hasta hombros: <\/strong><br \/><strong>80 min | 120 \u20ac<\/strong><\/p><p><strong>Con peinado pelo largo:<\/strong><br \/><strong>90 min | 140 \u20ac<\/strong><\/p><p><strong>Opci\u00f3n bono 3+1 GRATIS<\/strong><\/p>\t\t\t\t\t\t\t\t<\/div>\n\t\t\t\t<div class=\"elementor-element elementor-element-cf0e531 elementor-align-center elementor-widget elementor-widget-button\" data-id=\"cf0e531\" data-element_type=\"widget\" data-e-type=\"widget\" data-widget_type=\"button.default\">\n\t\t\t\t\t\t\t\t\t\t<a class=\"elementor-button elementor-button-link elementor-size-sm\" href=\"https:\/\/wa.me\/34673051453\" target=\"_blank\" rel=\"noopener\">\n\t\t\t\t\t\t<span class=\"elementor-button-content-wrapper\">\n\t\t\t\t\t\t\t\t\t<span class=\"elementor-button-text\">m\u00e1s informaci\u00f3n<\/span>\n\t\t\t\t\t<\/span>\n\t\t\t\t\t<\/a>\n\t\t\t\t\t\t\t\t<\/div>\n\t\t\t\t<div class=\"elementor-element elementor-element-a54fc06 elementor-widget elementor-widget-heading\" data-id=\"a54fc06\" data-element_type=\"widget\" data-e-type=\"widget\" data-widget_type=\"heading.default\">\n\t\t\t\t\t<div class=\"elementor-heading-title elementor-size-default\"> <\/div>\t\t\t\t<\/div>\n\t\t\t\t<div class=\"elementor-element elementor-element-c3597e9 elementor-widget elementor-widget-menu-anchor\" data-id=\"c3597e9\" data-element_type=\"widget\" data-e-type=\"widget\" data-widget_type=\"menu-anchor.default\">\n\t\t\t\t\t\t\t<div class=\"elementor-menu-anchor\" id=\"spa-reparacion\"><\/div>\n\t\t\t\t\t\t<\/div>\n\t\t\t\t\t<\/div>\n\t\t<\/div>\n\t\t\t\t<div class=\"elementor-column elementor-col-33 elementor-top-column elementor-element elementor-element-bd10ffa\" data-id=\"bd10ffa\" data-element_type=\"column\" data-e-type=\"column\">\n\t\t\t<div class=\"elementor-widget-wrap\">\n\t\t\t\t\t\t\t<\/div>\n\t\t<\/div>\n\t\t\t\t\t<\/div>\n\t\t<\/section>\n\t\t\t\t<section class=\"elementor-section elementor-top-section elementor-element elementor-element-5b22300 elementor-section-full_width elementor-section-stretched elementor-reverse-tablet elementor-reverse-mobile elementor-section-height-default elementor-section-height-default\" data-id=\"5b22300\" data-element_type=\"section\" data-e-type=\"section\" data-settings=\"{&quot;stretch_section&quot;:&quot;section-stretched&quot;,&quot;background_background&quot;:&quot;classic&quot;}\">\n\t\t\t\t\t\t<div class=\"elementor-container elementor-column-gap-default\">\n\t\t\t\t\t<div class=\"elementor-column elementor-col-33 elementor-top-column elementor-element elementor-element-acd7d0e\" data-id=\"acd7d0e\" data-element_type=\"column\" data-e-type=\"column\">\n\t\t\t<div class=\"elementor-widget-wrap\">\n\t\t\t\t\t\t\t<\/div>\n\t\t<\/div>\n\t\t\t\t<div class=\"elementor-column elementor-col-33 elementor-top-column elementor-element elementor-element-0db0c3f\" data-id=\"0db0c3f\" data-element_type=\"column\" data-e-type=\"column\">\n\t\t\t<div class=\"elementor-widget-wrap elementor-element-populated\">\n\t\t\t\t\t\t<div class=\"elementor-element elementor-element-0ba1a95 elementor-widget elementor-widget-heading\" data-id=\"0ba1a95\" data-element_type=\"widget\" data-e-type=\"widget\" data-widget_type=\"heading.default\">\n\t\t\t\t\t<span class=\"elementor-heading-title elementor-size-default\">02<\/span>\t\t\t\t<\/div>\n\t\t\t\t<div class=\"elementor-element elementor-element-3341446 elementor-widget elementor-widget-heading\" data-id=\"3341446\" data-element_type=\"widget\" data-e-type=\"widget\" data-widget_type=\"heading.default\">\n\t\t\t\t\t<h3 class=\"elementor-heading-title elementor-size-default\">Spa reparaci\u00f3n<\/h3>\t\t\t\t<\/div>\n\t\t\t\t<div class=\"elementor-element elementor-element-36e10e1 elementor-widget elementor-widget-heading\" data-id=\"36e10e1\" data-element_type=\"widget\" data-e-type=\"widget\" data-widget_type=\"heading.default\">\n\t\t\t\t\t<span class=\"elementor-heading-title elementor-size-default\">\u2018\u2018<\/span>\t\t\t\t<\/div>\n\t\t\t\t<div class=\"elementor-element elementor-element-9937513 elementor-widget elementor-widget-text-editor\" data-id=\"9937513\" data-element_type=\"widget\" data-e-type=\"widget\" data-widget_type=\"text-editor.default\">\n\t\t\t\t\t\t\t\t\t<p>Un cuidado intensivo que combina ciencia y bienestar para reparar y fortalecer cabellos da\u00f1ados o decolorados.<br \/>Nuestro tratamiento, basado en prote\u00edna de arroz y enriquecido con queratina, aceite de jojoba y aguacate, reconstruye la fibra capilar desde el interior, devolviendo brillo, estructura y suavidad.<br \/>Durante el ritual, te envolver\u00e1s en un santuario de relajaci\u00f3n donde el aroma natural y el sonido del agua crean un ambiente de calma, mientras la bruma nanomist therapy potencia la absorci\u00f3n de activos, restaurando cada hebra y preparando tu cabello para futuros tratamientos qu\u00edmicos.<\/p><p><em><strong><span style=\"text-decoration: underline;\">1 &#8211; Opciones de tratamiento HEAD SP<\/span><span style=\"text-decoration: underline;\">A<\/span><\/strong><\/em><\/p><p><em><strong>Incluye:<\/strong><\/em><\/p><p>Diagn\u00f3stico<br \/>Aromaterapia<br \/>Cascada de agua<br \/>Alta frecuencia<br \/>Masaje craneal, hombros, brazos y manos<br \/>Bruma nanomist therapy<br \/>Peinado o secado simple<\/p><p><strong>Con peinado pelo corto\/medio hasta hombros: <\/strong><br \/><strong>80 min | 120 \u20ac<\/strong><\/p><p><strong>Con peinado pelo largo:<\/strong><br \/><strong>90 min | 140 \u20ac<\/strong><\/p><p><strong>Opci\u00f3n bono 3+1 GRATIS<\/strong><\/p>\t\t\t\t\t\t\t\t<\/div>\n\t\t\t\t<div class=\"elementor-element elementor-element-a230fe1 elementor-align-center elementor-widget elementor-widget-button\" data-id=\"a230fe1\" data-element_type=\"widget\" data-e-type=\"widget\" data-widget_type=\"button.default\">\n\t\t\t\t\t\t\t\t\t\t<a class=\"elementor-button elementor-button-link elementor-size-sm\" href=\"https:\/\/wa.me\/34673051453\" target=\"_blank\" rel=\"noopener\">\n\t\t\t\t\t\t<span class=\"elementor-button-content-wrapper\">\n\t\t\t\t\t\t\t\t\t<span class=\"elementor-button-text\">m\u00e1s informaci\u00f3n<\/span>\n\t\t\t\t\t<\/span>\n\t\t\t\t\t<\/a>\n\t\t\t\t\t\t\t\t<\/div>\n\t\t\t\t<div class=\"elementor-element elementor-element-1868a04 elementor-widget elementor-widget-heading\" data-id=\"1868a04\" data-element_type=\"widget\" data-e-type=\"widget\" data-widget_type=\"heading.default\">\n\t\t\t\t\t<div class=\"elementor-heading-title elementor-size-default\"> <\/div>\t\t\t\t<\/div>\n\t\t\t\t<div class=\"elementor-element elementor-element-8b659f5 elementor-widget elementor-widget-menu-anchor\" data-id=\"8b659f5\" data-element_type=\"widget\" data-e-type=\"widget\" data-widget_type=\"menu-anchor.default\">\n\t\t\t\t\t\t\t<div class=\"elementor-menu-anchor\" id=\"curly\"><\/div>\n\t\t\t\t\t\t<\/div>\n\t\t\t\t\t<\/div>\n\t\t<\/div>\n\t\t\t\t<div class=\"elementor-column elementor-col-33 elementor-top-column elementor-element elementor-element-fada2e8\" data-id=\"fada2e8\" data-element_type=\"column\" data-e-type=\"column\">\n\t\t\t<div class=\"elementor-widget-wrap elementor-element-populated\">\n\t\t\t\t\t\t<div class=\"elementor-element elementor-element-447ded4 elementor-widget elementor-widget-image\" data-id=\"447ded4\" data-element_type=\"widget\" data-e-type=\"widget\" data-settings=\"{&quot;sticky&quot;:&quot;top&quot;,&quot;sticky_offset&quot;:20,&quot;sticky_effects_offset&quot;:1,&quot;sticky_parent&quot;:&quot;yes&quot;,&quot;sticky_on&quot;:[&quot;desktop&quot;,&quot;tablet&quot;,&quot;mobile&quot;],&quot;sticky_anchor_link_offset&quot;:0}\" data-widget_type=\"image.default\">\n\t\t\t\t\t\t\t\t\t\t\t\t\t\t\t<img decoding=\"async\" width=\"608\" height=\"1000\" src=\"https:\/\/lidiadecastro.com\/santander\/wp-content\/uploads\/lidia-de-castro.webp\" class=\"attachment-large size-large wp-image-5377\" alt=\"\" srcset=\"https:\/\/lidiadecastro.com\/santander\/wp-content\/uploads\/lidia-de-castro.webp 608w, https:\/\/lidiadecastro.com\/santander\/wp-content\/uploads\/lidia-de-castro-182x300.webp 182w\" sizes=\"(max-width: 608px) 100vw, 608px\" title=\"\">\t\t\t\t\t\t\t\t\t\t\t\t\t\t\t<\/div>\n\t\t\t\t\t<\/div>\n\t\t<\/div>\n\t\t\t\t\t<\/div>\n\t\t<\/section>\n\t\t\t\t<\/div>\n\t\t","protected":false},"excerpt":{"rendered":"<p>Tratamiento para el Cabello en Santander Spa Hidrataci\u00f3n Spa Reparaci\u00f3n Tallo Capilar 01 Spa hidrataci\u00f3n \u2018\u2018 La uni\u00f3n perfecta entre ciencia y bienestar en un ritual de transformaci\u00f3n capilar.Un tratamiento de hidrataci\u00f3n profunda que restaura, fortalece y devuelve la vitalidad al cabello desde el interior.Comenzamos con un an\u00e1lisis personalizado para conocer las necesidades de tu [&hellip;]<\/p>\n","protected":false},"author":1,"featured_media":0,"parent":0,"menu_order":0,"comment_status":"closed","ping_status":"closed","template":"","meta":{"_acf_changed":false,"site-sidebar-layout":"no-sidebar","site-content-layout":"page-builder","ast-site-content-layout":"default","site-content-style":"default","site-sidebar-style":"default","ast-global-header-display":"","ast-banner-title-visibility":"","ast-main-header-display":"","ast-hfb-above-header-display":"","ast-hfb-below-header-display":"","ast-hfb-mobile-header-display":"","site-post-title":"disabled","ast-breadcrumbs-content":"","ast-featured-img":"disabled","footer-sml-layout":"","ast-disable-related-posts":"","theme-transparent-header-meta":"default","adv-header-id-meta":"","stick-header-meta":"","header-above-stick-meta":"","header-main-stick-meta":"","header-below-stick-meta":"","astra-migrate-meta-layouts":"default","ast-page-background-enabled":"default","ast-page-background-meta":{"desktop":{"background-color":"var(--ast-global-color-4)","background-image":"","background-repeat":"repeat","background-position":"center center","background-size":"auto","background-attachment":"scroll","background-type":"","background-media":"","overlay-type":"","overlay-color":"","overlay-opacity":"","overlay-gradient":""},"tablet":{"background-color":"","background-image":"","background-repeat":"repeat","background-position":"center center","background-size":"auto","background-attachment":"scroll","background-type":"","background-media":"","overlay-type":"","overlay-color":"","overlay-opacity":"","overlay-gradient":""},"mobile":{"background-color":"","background-image":"","background-repeat":"repeat","background-position":"center center","background-size":"auto","background-attachment":"scroll","background-type":"","background-media":"","overlay-type":"","overlay-color":"","overlay-opacity":"","overlay-gradient":""}},"ast-content-background-meta":{"desktop":{"background-color":"var(--ast-global-color-5)","background-image":"","background-repeat":"repeat","background-position":"center center","background-size":"auto","background-attachment":"scroll","background-type":"","background-media":"","overlay-type":"","overlay-color":"","overlay-opacity":"","overlay-gradient":""},"tablet":{"background-color":"var(--ast-global-color-5)","background-image":"","background-repeat":"repeat","background-position":"center center","background-size":"auto","background-attachment":"scroll","background-type":"","background-media":"","overlay-type":"","overlay-color":"","overlay-opacity":"","overlay-gradient":""},"mobile":{"background-color":"var(--ast-global-color-5)","background-image":"","background-repeat":"repeat","background-position":"center center","background-size":"auto","background-attachment":"scroll","background-type":"","background-media":"","overlay-type":"","overlay-color":"","overlay-opacity":"","overlay-gradient":""}},"footnotes":""},"class_list":["post-5083","page","type-page","status-publish","hentry"],"acf":[],"_links":{"self":[{"href":"https:\/\/lidiadecastro.com\/santander\/wp-json\/wp\/v2\/pages\/5083","targetHints":{"allow":["GET"]}}],"collection":[{"href":"https:\/\/lidiadecastro.com\/santander\/wp-json\/wp\/v2\/pages"}],"about":[{"href":"https:\/\/lidiadecastro.com\/santander\/wp-json\/wp\/v2\/types\/page"}],"author":[{"embeddable":true,"href":"https:\/\/lidiadecastro.com\/santander\/wp-json\/wp\/v2\/users\/1"}],"replies":[{"embeddable":true,"href":"https:\/\/lidiadecastro.com\/santander\/wp-json\/wp\/v2\/comments?post=5083"}],"version-history":[{"count":112,"href":"https:\/\/lidiadecastro.com\/santander\/wp-json\/wp\/v2\/pages\/5083\/revisions"}],"predecessor-version":[{"id":5957,"href":"https:\/\/lidiadecastro.com\/santander\/wp-json\/wp\/v2\/pages\/5083\/revisions\/5957"}],"wp:attachment":[{"href":"https:\/\/lidiadecastro.com\/santander\/wp-json\/wp\/v2\/media?parent=5083"}],"curies":[{"name":"wp","href":"https:\/\/api.w.org\/{rel}","templated":true}]}}