{"id":2788,"date":"2023-02-09T11:34:42","date_gmt":"2023-02-09T10:34:42","guid":{"rendered":"https:\/\/lidiadecastro.com\/santander\/?page_id=2788"},"modified":"2026-05-15T15:48:31","modified_gmt":"2026-05-15T13:48:31","slug":"reserva-tu-cita","status":"publish","type":"page","link":"https:\/\/lidiadecastro.com\/santander\/reserva-tu-cita\/","title":{"rendered":"Reserva tu cita"},"content":{"rendered":"\t\t<div data-elementor-type=\"wp-page\" data-elementor-id=\"2788\" class=\"elementor elementor-2788\" data-elementor-post-type=\"page\">\n\t\t\t\t<div class=\"elementor-element elementor-element-93ae76a e-con-full e-flex e-con e-parent\" data-id=\"93ae76a\" data-element_type=\"container\" data-e-type=\"container\" data-settings=\"{&quot;background_background&quot;:&quot;classic&quot;}\">\n\t\t<div class=\"elementor-element elementor-element-c3e2f0c e-con-full e-flex e-con e-child\" data-id=\"c3e2f0c\" data-element_type=\"container\" data-e-type=\"container\">\n\t\t\t\t<div class=\"elementor-element elementor-element-f2e3fbf elementor-widget elementor-widget-heading\" data-id=\"f2e3fbf\" data-element_type=\"widget\" data-e-type=\"widget\" data-widget_type=\"heading.default\">\n\t\t\t\t\t<h2 class=\"elementor-heading-title elementor-size-default\">Reserva tu experiencia <br>\nHead Spa<\/h2>\t\t\t\t<\/div>\n\t\t\t\t<div class=\"elementor-element elementor-element-17190df elementor-widget elementor-widget-text-editor\" data-id=\"17190df\" data-element_type=\"widget\" data-e-type=\"widget\" data-widget_type=\"text-editor.default\">\n\t\t\t\t\t\t\t\t\t<p>Elige el ritual o tratamiento que mejor se adapte a ti y reserva tu cita en Lidia de Castro, Head Hair &amp; Tech Spa. Te esperamos en un espacio dise\u00f1ado para cuidar tu cabello, tu piel y tu bienestar, combinando experiencia profesional, tecnolog\u00eda y relajaci\u00f3n.<\/p>\t\t\t\t\t\t\t\t<\/div>\n\t\t\t\t<div class=\"elementor-element elementor-element-12b2261 elementor-hidden-tablet elementor-hidden-mobile elementor-widget elementor-widget-text-editor\" data-id=\"12b2261\" data-element_type=\"widget\" data-e-type=\"widget\" data-widget_type=\"text-editor.default\">\n\t\t\t\t\t\t\t\t\t<p><span style=\"text-decoration: underline;\"><strong>CONDICIONES DE USO<\/strong><\/span><\/p><ul><li>\u200bAvisos con m\u00e1s de 48h: Puedes elegir entre el reembolso total o guardar el dinero para tu pr\u00f3xima cita.<\/li><li>\u200bAvisos con menos de 48h: No se realizar\u00e1n reembolsos ni reprogramaciones.<\/li><li>\u200bSegunda cancelaci\u00f3n: Si ya reprogramaste tu cita una vez y vuelves a cancelarla, se perder\u00e1 el importe abonado (sin importar el preaviso).<\/li><li>\u200bNo presentaci\u00f3n: Si tienes una cita confirmada y no acudes sin avisar, perder\u00e1s la reserva. Si ibas a pagar con una tarjeta regalo, esta se dar\u00e1 autom\u00e1ticamente por canjeada y consumida.<\/li><\/ul>\t\t\t\t\t\t\t\t<\/div>\n\t\t\t\t<\/div>\n\t\t<div class=\"elementor-element elementor-element-14e7359 e-con-full e-flex e-con e-child\" data-id=\"14e7359\" data-element_type=\"container\" data-e-type=\"container\">\n\t\t\t\t<div class=\"elementor-element elementor-element-732a291 elementor-widget elementor-widget-stepbooking\" data-id=\"732a291\" data-element_type=\"widget\" data-e-type=\"widget\" data-widget_type=\"stepbooking.default\">\n\t\t\t\t<div class=\"elementor-widget-container\">\n\t\t\t\t\t\n<script>\n  if (typeof hasAmeliaEntitiesApiCall === 'undefined' && ('' === '' && '' !== '1')) {\n    var hasAmeliaEntitiesApiCall = true;\n  }\n  var ameliaShortcodeData = (typeof ameliaShortcodeData === 'undefined') ? [] : ameliaShortcodeData;\n  ameliaShortcodeData.push(\n    {\n      'hasApiCall': (typeof hasAmeliaEntitiesApiCall !== 'undefined') && hasAmeliaEntitiesApiCall,\n      'trigger': '',\n      'trigger_type': '',\n      'triggered_form': 'sbsNew',\n      'in_dialog': '',\n      'show': '',\n      'counter': '1000',\n      'category': '',\n      'service': '',\n      'employee': '',\n      'location': '',\n      'package': '',\n      'layout': '2',\n    }\n  );\n\n  var ameliaShortcodeDataTriggered = (typeof ameliaShortcodeDataTriggered === 'undefined') ? [] : ameliaShortcodeDataTriggered;\n  if (ameliaShortcodeData[ameliaShortcodeData.length - 1].trigger !== '') {\n    if (ameliaShortcodeDataTriggered.filter(a => a.counter === ameliaShortcodeData[ameliaShortcodeData.length - 1].counter).length === 0) {\n      ameliaShortcodeDataTriggered.push(ameliaShortcodeData.pop());\n    } else {\n      ameliaShortcodeData.pop()\n    }\n  }\n  if (typeof hasAmeliaEntitiesApiCall !== 'undefined' && hasAmeliaEntitiesApiCall) {\n    hasAmeliaEntitiesApiCall = false;\n  }\n<\/script>\n\n<div\n  id=\"amelia-v2-booking-1000\"\n  class=\"amelia-v2-booking\"\n >\n    <step-form-wrapper><\/step-form-wrapper><\/div>\n\t\t\t\t<\/div>\n\t\t\t\t<\/div>\n\t\t\t\t<div class=\"elementor-element elementor-element-1da71f2 elementor-hidden-desktop elementor-widget elementor-widget-text-editor\" data-id=\"1da71f2\" data-element_type=\"widget\" data-e-type=\"widget\" data-widget_type=\"text-editor.default\">\n\t\t\t\t\t\t\t\t\t<p><span style=\"text-decoration: underline;\"><strong>CONDICIONES DE USO<\/strong><\/span><\/p><ul><li>\u200bAvisos con m\u00e1s de 48h: Puedes elegir entre el reembolso total o guardar el dinero para tu pr\u00f3xima cita.<\/li><li>\u200bAvisos con menos de 48h: No se realizar\u00e1n reembolsos ni reprogramaciones.<\/li><li>\u200bSegunda cancelaci\u00f3n: Si ya reprogramaste tu cita una vez y vuelves a cancelarla, se perder\u00e1 el importe abonado (sin importar el preaviso).<\/li><li>\u200bNo presentaci\u00f3n: Si tienes una cita confirmada y no acudes sin avisar, perder\u00e1s la reserva. Si ibas a pagar con una tarjeta regalo, esta se dar\u00e1 autom\u00e1ticamente por canjeada y consumida.<\/li><\/ul>\t\t\t\t\t\t\t\t<\/div>\n\t\t\t\t<\/div>\n\t\t\t\t<\/div>\n\t\t\t\t<\/div>\n\t\t","protected":false},"excerpt":{"rendered":"<p>Reserva tu experiencia Head Spa Elige el ritual o tratamiento que mejor se adapte a ti y reserva tu cita en Lidia de Castro, Head Hair &amp; Tech Spa. Te esperamos en un espacio dise\u00f1ado para cuidar tu cabello, tu piel y tu bienestar, combinando experiencia profesional, tecnolog\u00eda y relajaci\u00f3n. CONDICIONES DE USO \u200bAvisos con [&hellip;]<\/p>\n","protected":false},"author":1,"featured_media":0,"parent":0,"menu_order":0,"comment_status":"closed","ping_status":"open","template":"","meta":{"_acf_changed":false,"site-sidebar-layout":"no-sidebar","site-content-layout":"page-builder","ast-site-content-layout":"full-width-container","site-content-style":"unboxed","site-sidebar-style":"unboxed","ast-global-header-display":"","ast-banner-title-visibility":"","ast-main-header-display":"","ast-hfb-above-header-display":"","ast-hfb-below-header-display":"","ast-hfb-mobile-header-display":"","site-post-title":"disabled","ast-breadcrumbs-content":"","ast-featured-img":"disabled","footer-sml-layout":"","ast-disable-related-posts":"","theme-transparent-header-meta":"default","adv-header-id-meta":"","stick-header-meta":"","header-above-stick-meta":"","header-main-stick-meta":"","header-below-stick-meta":"","astra-migrate-meta-layouts":"set","ast-page-background-enabled":"default","ast-page-background-meta":{"desktop":{"background-color":"var(--ast-global-color-4)","background-image":"","background-repeat":"repeat","background-position":"center center","background-size":"auto","background-attachment":"scroll","background-type":"","background-media":"","overlay-type":"","overlay-color":"","overlay-opacity":"","overlay-gradient":""},"tablet":{"background-color":"","background-image":"","background-repeat":"repeat","background-position":"center center","background-size":"auto","background-attachment":"scroll","background-type":"","background-media":"","overlay-type":"","overlay-color":"","overlay-opacity":"","overlay-gradient":""},"mobile":{"background-color":"","background-image":"","background-repeat":"repeat","background-position":"center center","background-size":"auto","background-attachment":"scroll","background-type":"","background-media":"","overlay-type":"","overlay-color":"","overlay-opacity":"","overlay-gradient":""}},"ast-content-background-meta":{"desktop":{"background-color":"var(--ast-global-color-5)","background-image":"","background-repeat":"repeat","background-position":"center center","background-size":"auto","background-attachment":"scroll","background-type":"","background-media":"","overlay-type":"","overlay-color":"","overlay-opacity":"","overlay-gradient":""},"tablet":{"background-color":"var(--ast-global-color-5)","background-image":"","background-repeat":"repeat","background-position":"center center","background-size":"auto","background-attachment":"scroll","background-type":"","background-media":"","overlay-type":"","overlay-color":"","overlay-opacity":"","overlay-gradient":""},"mobile":{"background-color":"var(--ast-global-color-5)","background-image":"","background-repeat":"repeat","background-position":"center center","background-size":"auto","background-attachment":"scroll","background-type":"","background-media":"","overlay-type":"","overlay-color":"","overlay-opacity":"","overlay-gradient":""}},"footnotes":""},"class_list":["post-2788","page","type-page","status-publish","hentry"],"acf":[],"_links":{"self":[{"href":"https:\/\/lidiadecastro.com\/santander\/wp-json\/wp\/v2\/pages\/2788","targetHints":{"allow":["GET"]}}],"collection":[{"href":"https:\/\/lidiadecastro.com\/santander\/wp-json\/wp\/v2\/pages"}],"about":[{"href":"https:\/\/lidiadecastro.com\/santander\/wp-json\/wp\/v2\/types\/page"}],"author":[{"embeddable":true,"href":"https:\/\/lidiadecastro.com\/santander\/wp-json\/wp\/v2\/users\/1"}],"replies":[{"embeddable":true,"href":"https:\/\/lidiadecastro.com\/santander\/wp-json\/wp\/v2\/comments?post=2788"}],"version-history":[{"count":127,"href":"https:\/\/lidiadecastro.com\/santander\/wp-json\/wp\/v2\/pages\/2788\/revisions"}],"predecessor-version":[{"id":6242,"href":"https:\/\/lidiadecastro.com\/santander\/wp-json\/wp\/v2\/pages\/2788\/revisions\/6242"}],"wp:attachment":[{"href":"https:\/\/lidiadecastro.com\/santander\/wp-json\/wp\/v2\/media?parent=2788"}],"curies":[{"name":"wp","href":"https:\/\/api.w.org\/{rel}","templated":true}]}}