{"id":251,"date":"2022-04-19T16:01:18","date_gmt":"2022-04-19T14:01:18","guid":{"rendered":"https:\/\/lidiadecastro.diseniummedia.es\/?page_id=251"},"modified":"2026-04-28T09:34:17","modified_gmt":"2026-04-28T07:34:17","slug":"tratamiento-facial-santander","status":"publish","type":"page","link":"https:\/\/lidiadecastro.com\/santander\/tratamiento-facial-santander\/","title":{"rendered":"Facial"},"content":{"rendered":"\t\t<div data-elementor-type=\"wp-page\" data-elementor-id=\"251\" class=\"elementor elementor-251\" data-elementor-post-type=\"page\">\n\t\t\t\t\t\t<section class=\"elementor-section elementor-top-section elementor-element elementor-element-9c79b26 elementor-section-full_width elementor-section-stretched elementor-section-height-min-height elementor-section-height-default elementor-section-items-middle\" data-id=\"9c79b26\" data-element_type=\"section\" data-e-type=\"section\" data-settings=\"{&quot;stretch_section&quot;:&quot;section-stretched&quot;,&quot;background_background&quot;:&quot;classic&quot;}\">\n\t\t\t\t\t\t\t<div class=\"elementor-background-overlay\"><\/div>\n\t\t\t\t\t\t\t<div class=\"elementor-container elementor-column-gap-default\">\n\t\t\t\t\t<div class=\"elementor-column elementor-col-100 elementor-top-column elementor-element elementor-element-60c0a7b\" data-id=\"60c0a7b\" data-element_type=\"column\" data-e-type=\"column\">\n\t\t\t<div class=\"elementor-widget-wrap elementor-element-populated\">\n\t\t\t\t\t\t<div class=\"elementor-element elementor-element-06406fc elementor-widget elementor-widget-heading\" data-id=\"06406fc\" data-element_type=\"widget\" data-e-type=\"widget\" data-widget_type=\"heading.default\">\n\t\t\t\t\t<span class=\"elementor-heading-title elementor-size-default\">Tratamiento Facial en Santander<\/span>\t\t\t\t<\/div>\n\t\t\t\t\t<\/div>\n\t\t<\/div>\n\t\t\t\t\t<\/div>\n\t\t<\/section>\n\t\t<div class=\"elementor-element elementor-element-90bd374 e-con-full e-flex e-con e-parent\" data-id=\"90bd374\" data-element_type=\"container\" data-e-type=\"container\" data-settings=\"{&quot;background_background&quot;:&quot;classic&quot;}\">\n\t\t<div class=\"make-column-clickable-elementor elementor-element elementor-element-c63fbee menu-ancla e-con-full e-flex e-con e-child\" style=\"cursor: pointer;\" data-column-clickable=\"#spa-detox-facial\" data-column-clickable-blank=\"_self\" data-id=\"c63fbee\" data-element_type=\"container\" data-e-type=\"container\" data-settings=\"{&quot;background_background&quot;:&quot;classic&quot;}\">\n\t\t\t\t<div class=\"elementor-element elementor-element-704f6a4 txt-menu-ancla elementor-widget elementor-widget-heading\" data-id=\"704f6a4\" data-element_type=\"widget\" data-e-type=\"widget\" data-widget_type=\"heading.default\">\n\t\t\t\t\t<span class=\"elementor-heading-title elementor-size-default\">Spa D\u00e9tox Facial<\/span>\t\t\t\t<\/div>\n\t\t\t\t<\/div>\n\t\t<div class=\"make-column-clickable-elementor elementor-element elementor-element-bf9ad61 menu-ancla e-con-full e-flex e-con e-child\" style=\"cursor: pointer;\" data-column-clickable=\"#spa-ilumina\" data-column-clickable-blank=\"_self\" data-id=\"bf9ad61\" data-element_type=\"container\" data-e-type=\"container\" data-settings=\"{&quot;background_background&quot;:&quot;classic&quot;}\">\n\t\t\t\t<div class=\"elementor-element elementor-element-8dd0f68 txt-menu-ancla elementor-widget elementor-widget-heading\" data-id=\"8dd0f68\" data-element_type=\"widget\" data-e-type=\"widget\" data-widget_type=\"heading.default\">\n\t\t\t\t\t<span class=\"elementor-heading-title elementor-size-default\">Spa Ilumina<\/span>\t\t\t\t<\/div>\n\t\t\t\t<\/div>\n\t\t\t\t<\/div>\n\t\t\t\t<section class=\"elementor-section elementor-top-section elementor-element elementor-element-2708bfb elementor-section-full_width elementor-section-stretched elementor-section-height-default elementor-section-height-default\" data-id=\"2708bfb\" data-element_type=\"section\" data-e-type=\"section\" data-settings=\"{&quot;stretch_section&quot;:&quot;section-stretched&quot;,&quot;background_background&quot;:&quot;classic&quot;}\">\n\t\t\t\t\t\t<div class=\"elementor-container elementor-column-gap-default\">\n\t\t\t\t\t<div class=\"elementor-column elementor-col-50 elementor-top-column elementor-element elementor-element-9ef0e01\" data-id=\"9ef0e01\" data-element_type=\"column\" data-e-type=\"column\">\n\t\t\t<div class=\"elementor-widget-wrap elementor-element-populated\">\n\t\t\t\t\t\t<div class=\"elementor-element elementor-element-7d98bf8 elementor-widget elementor-widget-heading\" data-id=\"7d98bf8\" data-element_type=\"widget\" data-e-type=\"widget\" data-widget_type=\"heading.default\">\n\t\t\t\t\t<h2 class=\"elementor-heading-title elementor-size-default\">Facial<\/h2>\t\t\t\t<\/div>\n\t\t\t\t<div class=\"elementor-element elementor-element-83d2ce1 elementor-widget elementor-widget-menu-anchor\" data-id=\"83d2ce1\" data-element_type=\"widget\" data-e-type=\"widget\" data-widget_type=\"menu-anchor.default\">\n\t\t\t\t\t\t\t<div class=\"elementor-menu-anchor\" id=\"diagnostico-facial\"><\/div>\n\t\t\t\t\t\t<\/div>\n\t\t\t\t\t<\/div>\n\t\t<\/div>\n\t\t\t\t<div class=\"elementor-column elementor-col-50 elementor-top-column elementor-element elementor-element-5e64d2e\" data-id=\"5e64d2e\" data-element_type=\"column\" data-e-type=\"column\">\n\t\t\t<div class=\"elementor-widget-wrap\">\n\t\t\t\t\t\t\t<\/div>\n\t\t<\/div>\n\t\t\t\t\t<\/div>\n\t\t<\/section>\n\t\t\t\t<section class=\"elementor-section elementor-top-section elementor-element elementor-element-fc4f688 elementor-section-full_width elementor-section-stretched elementor-section-height-default elementor-section-height-default\" data-id=\"fc4f688\" data-element_type=\"section\" data-e-type=\"section\" data-settings=\"{&quot;stretch_section&quot;:&quot;section-stretched&quot;,&quot;background_background&quot;:&quot;classic&quot;}\">\n\t\t\t\t\t\t<div class=\"elementor-container elementor-column-gap-default\">\n\t\t\t\t\t<div class=\"elementor-column elementor-col-33 elementor-top-column elementor-element elementor-element-ea31b0c\" data-id=\"ea31b0c\" data-element_type=\"column\" data-e-type=\"column\">\n\t\t\t<div class=\"elementor-widget-wrap elementor-element-populated\">\n\t\t\t\t\t\t<div class=\"elementor-element elementor-element-f505b9b elementor-widget elementor-widget-image\" data-id=\"f505b9b\" data-element_type=\"widget\" data-e-type=\"widget\" data-settings=\"{&quot;sticky&quot;:&quot;top&quot;,&quot;sticky_offset&quot;:20,&quot;sticky_parent&quot;:&quot;yes&quot;,&quot;sticky_on&quot;:[&quot;desktop&quot;,&quot;tablet&quot;,&quot;mobile&quot;],&quot;sticky_effects_offset&quot;:0,&quot;sticky_anchor_link_offset&quot;:0}\" data-widget_type=\"image.default\">\n\t\t\t\t\t\t\t\t\t\t\t\t\t\t\t<img fetchpriority=\"high\" decoding=\"async\" width=\"718\" height=\"1024\" src=\"https:\/\/lidiadecastro.com\/santander\/wp-content\/uploads\/detox-facial-718x1024.webp\" class=\"attachment-large size-large wp-image-5708\" alt=\"\" srcset=\"https:\/\/lidiadecastro.com\/santander\/wp-content\/uploads\/detox-facial-718x1024.webp 718w, https:\/\/lidiadecastro.com\/santander\/wp-content\/uploads\/detox-facial-210x300.webp 210w, https:\/\/lidiadecastro.com\/santander\/wp-content\/uploads\/detox-facial-768x1096.webp 768w, https:\/\/lidiadecastro.com\/santander\/wp-content\/uploads\/detox-facial-1076x1536.webp 1076w, https:\/\/lidiadecastro.com\/santander\/wp-content\/uploads\/detox-facial.webp 1080w\" sizes=\"(max-width: 718px) 100vw, 718px\" title=\"\">\t\t\t\t\t\t\t\t\t\t\t\t\t\t\t<\/div>\n\t\t\t\t\t<\/div>\n\t\t<\/div>\n\t\t\t\t<div class=\"elementor-column elementor-col-33 elementor-top-column elementor-element elementor-element-719c2e6\" data-id=\"719c2e6\" data-element_type=\"column\" data-e-type=\"column\">\n\t\t\t<div class=\"elementor-widget-wrap elementor-element-populated\">\n\t\t\t\t\t\t<div class=\"elementor-element elementor-element-f907c5a elementor-widget elementor-widget-heading\" data-id=\"f907c5a\" data-element_type=\"widget\" data-e-type=\"widget\" data-widget_type=\"heading.default\">\n\t\t\t\t\t<span class=\"elementor-heading-title elementor-size-default\">01<\/span>\t\t\t\t<\/div>\n\t\t\t\t<div class=\"elementor-element elementor-element-45786d9 elementor-widget elementor-widget-heading\" data-id=\"45786d9\" data-element_type=\"widget\" data-e-type=\"widget\" data-widget_type=\"heading.default\">\n\t\t\t\t\t<h3 class=\"elementor-heading-title elementor-size-default\">Spa D\u00e9tox Facial<\/h3>\t\t\t\t<\/div>\n\t\t\t\t<div class=\"elementor-element elementor-element-a6be93f elementor-widget elementor-widget-heading\" data-id=\"a6be93f\" data-element_type=\"widget\" data-e-type=\"widget\" data-widget_type=\"heading.default\">\n\t\t\t\t\t<span class=\"elementor-heading-title elementor-size-default\">\u2018\u2018<\/span>\t\t\t\t<\/div>\n\t\t\t\t<div class=\"elementor-element elementor-element-1f729d4 elementor-widget elementor-widget-text-editor\" data-id=\"1f729d4\" data-element_type=\"widget\" data-e-type=\"widget\" data-widget_type=\"text-editor.default\">\n\t\t\t\t\t\t\t\t\t<p>Un ritual de limpieza profunda que purifica, oxigena y revitaliza tu piel, dej\u00e1ndola fresca, luminosa y libre de impurezas.<br \/>Utilizamos tecnolog\u00eda avanzada hidroterapia para una limpieza facial no invasiva que combina hidrodermoabrasi\u00f3n, extracci\u00f3n de impurezas, exfoliaci\u00f3n y aplicaci\u00f3n de sueros hidratantes, adaptados a tu tipo de piel.<br \/>Este tratamiento se complementa con masajes Aze Shiatsu y aromaterapia, creando una experiencia sensorial \u00fanica que equilibra cuerpo y mente.<\/p><p><strong><em><span style=\"text-decoration: underline;\">Opciones de tratamiento HEAD SPA<\/span><\/em><\/strong><\/p><p><em><strong>Incluye:<\/strong><\/em><\/p><p>Diagn\u00f3stico<br \/>Hidroterapia facial<br \/>Aromaterapia<br \/>Cascada de agua<br \/>Masaje linf\u00e1tico facial<br \/>Masaje en hombros y busto<br \/>B\u00e1lsamo capilar<br \/>Peinado o secado simple<\/p><p><strong>Con secado: <\/strong><br \/><strong>75 min | 100 \u20ac<\/strong><\/p><p><strong>Con peinado pelo corto\/medio hasta hombros: <\/strong><br \/><strong>80 min | 120 \u20ac<\/strong><\/p><p><strong>Con peinado pelo largo:<\/strong><br \/><strong>90 min | 140 \u20ac<\/strong><\/p><p><strong>Opci\u00f3n bono 3+1 GRATIS<\/strong><\/p>\t\t\t\t\t\t\t\t<\/div>\n\t\t\t\t<div class=\"elementor-element elementor-element-e1a7b7e elementor-align-center elementor-widget elementor-widget-button\" data-id=\"e1a7b7e\" data-element_type=\"widget\" data-e-type=\"widget\" data-widget_type=\"button.default\">\n\t\t\t\t\t\t\t\t\t\t<a class=\"elementor-button elementor-button-link elementor-size-sm\" href=\"https:\/\/wa.me\/34673051453\" target=\"_blank\" rel=\"noopener\">\n\t\t\t\t\t\t<span class=\"elementor-button-content-wrapper\">\n\t\t\t\t\t\t\t\t\t<span class=\"elementor-button-text\">m\u00e1s informaci\u00f3n<\/span>\n\t\t\t\t\t<\/span>\n\t\t\t\t\t<\/a>\n\t\t\t\t\t\t\t\t<\/div>\n\t\t\t\t<div class=\"elementor-element elementor-element-a2ce19a elementor-widget elementor-widget-heading\" data-id=\"a2ce19a\" data-element_type=\"widget\" data-e-type=\"widget\" data-widget_type=\"heading.default\">\n\t\t\t\t\t<div class=\"elementor-heading-title elementor-size-default\"> <\/div>\t\t\t\t<\/div>\n\t\t\t\t<div class=\"elementor-element elementor-element-e1d5473 elementor-widget elementor-widget-menu-anchor\" data-id=\"e1d5473\" data-element_type=\"widget\" data-e-type=\"widget\" data-widget_type=\"menu-anchor.default\">\n\t\t\t\t\t\t\t<div class=\"elementor-menu-anchor\" id=\"spa-ilumina\"><\/div>\n\t\t\t\t\t\t<\/div>\n\t\t\t\t\t<\/div>\n\t\t<\/div>\n\t\t\t\t<div class=\"elementor-column elementor-col-33 elementor-top-column elementor-element elementor-element-22d1d49\" data-id=\"22d1d49\" data-element_type=\"column\" data-e-type=\"column\">\n\t\t\t<div class=\"elementor-widget-wrap\">\n\t\t\t\t\t\t\t<\/div>\n\t\t<\/div>\n\t\t\t\t\t<\/div>\n\t\t<\/section>\n\t\t\t\t<section class=\"elementor-section elementor-top-section elementor-element elementor-element-b8bca06 elementor-section-full_width elementor-section-stretched elementor-reverse-tablet elementor-reverse-mobile elementor-section-height-default elementor-section-height-default\" data-id=\"b8bca06\" data-element_type=\"section\" data-e-type=\"section\" data-settings=\"{&quot;stretch_section&quot;:&quot;section-stretched&quot;,&quot;background_background&quot;:&quot;classic&quot;}\">\n\t\t\t\t\t\t<div class=\"elementor-container elementor-column-gap-default\">\n\t\t\t\t\t<div class=\"elementor-column elementor-col-33 elementor-top-column elementor-element elementor-element-4bb73d3\" data-id=\"4bb73d3\" data-element_type=\"column\" data-e-type=\"column\">\n\t\t\t<div class=\"elementor-widget-wrap\">\n\t\t\t\t\t\t\t<\/div>\n\t\t<\/div>\n\t\t\t\t<div class=\"elementor-column elementor-col-33 elementor-top-column elementor-element elementor-element-e057cbc\" data-id=\"e057cbc\" data-element_type=\"column\" data-e-type=\"column\">\n\t\t\t<div class=\"elementor-widget-wrap elementor-element-populated\">\n\t\t\t\t\t\t<div class=\"elementor-element elementor-element-e4f8c29 elementor-widget elementor-widget-heading\" data-id=\"e4f8c29\" data-element_type=\"widget\" data-e-type=\"widget\" data-widget_type=\"heading.default\">\n\t\t\t\t\t<span class=\"elementor-heading-title elementor-size-default\">02<\/span>\t\t\t\t<\/div>\n\t\t\t\t<div class=\"elementor-element elementor-element-8bb3351 elementor-widget elementor-widget-heading\" data-id=\"8bb3351\" data-element_type=\"widget\" data-e-type=\"widget\" data-widget_type=\"heading.default\">\n\t\t\t\t\t<h3 class=\"elementor-heading-title elementor-size-default\">Spa Ilumina<\/h3>\t\t\t\t<\/div>\n\t\t\t\t<div class=\"elementor-element elementor-element-397b1ca elementor-widget elementor-widget-heading\" data-id=\"397b1ca\" data-element_type=\"widget\" data-e-type=\"widget\" data-widget_type=\"heading.default\">\n\t\t\t\t\t<span class=\"elementor-heading-title elementor-size-default\">\u2018\u2018<\/span>\t\t\t\t<\/div>\n\t\t\t\t<div class=\"elementor-element elementor-element-52c607c elementor-widget elementor-widget-text-editor\" data-id=\"52c607c\" data-element_type=\"widget\" data-e-type=\"widget\" data-widget_type=\"text-editor.default\">\n\t\t\t\t\t\t\t\t\t<p>Un instante para cerrar los ojos y dejarte cuidar.<br \/>Las manos se deslizan con suavidad, liberando la tensi\u00f3n del rostro y despertando una luz que nace desde dentro.<br \/>Cada movimiento invita a respirar m\u00e1s lento, a soltar, a reconectar con tu belleza natural.<br \/>La piel se transforma: m\u00e1s viva, m\u00e1s fresca, m\u00e1s t\u00fa.<br \/>Un masaje que no solo ilumina el rostro, sino tambi\u00e9n el alma.<\/p><p><span style=\"text-decoration: underline;\"><em><strong>Opciones de tratamiento HEAD SPA<\/strong><\/em><\/span><\/p><p><em><strong>Incluye:<\/strong><\/em><\/p><p>Diagn\u00f3stico<br \/>Aromaterapia<br \/>Cascada de agua<br \/>Masaje lifting facial kobido<br \/>Masaje en hombros, brazos y manos.<br \/>Masaje shiatsu<br \/>B\u00e1lsamo capilar<br \/>Peinado o secado simple<\/p><p><strong>Con secado: <\/strong><br \/><strong>75 min | 100 \u20ac<\/strong><\/p><p><strong>Con peinado pelo corto\/medio hasta hombros: <\/strong><br \/><strong>80 min | 120 \u20ac<\/strong><\/p><p><strong>Con peinado pelo largo:<\/strong><br \/><strong>90 min | 140 \u20ac<\/strong><\/p><p><strong>Opci\u00f3n bono 3+1 GRATIS\u00a0<\/strong><\/p>\t\t\t\t\t\t\t\t<\/div>\n\t\t\t\t<div class=\"elementor-element elementor-element-55c42c7 elementor-align-center elementor-widget elementor-widget-button\" data-id=\"55c42c7\" data-element_type=\"widget\" data-e-type=\"widget\" data-widget_type=\"button.default\">\n\t\t\t\t\t\t\t\t\t\t<a class=\"elementor-button elementor-button-link elementor-size-sm\" href=\"https:\/\/wa.me\/34673051453\" target=\"_blank\" rel=\"noopener\">\n\t\t\t\t\t\t<span class=\"elementor-button-content-wrapper\">\n\t\t\t\t\t\t\t\t\t<span class=\"elementor-button-text\">m\u00e1s informaci\u00f3n<\/span>\n\t\t\t\t\t<\/span>\n\t\t\t\t\t<\/a>\n\t\t\t\t\t\t\t\t<\/div>\n\t\t\t\t<div class=\"elementor-element elementor-element-b4ef96c elementor-widget elementor-widget-menu-anchor\" data-id=\"b4ef96c\" data-element_type=\"widget\" data-e-type=\"widget\" data-widget_type=\"menu-anchor.default\">\n\t\t\t\t\t\t\t<div class=\"elementor-menu-anchor\" id=\"dermapen-facial\"><\/div>\n\t\t\t\t\t\t<\/div>\n\t\t\t\t\t<\/div>\n\t\t<\/div>\n\t\t\t\t<div class=\"elementor-column elementor-col-33 elementor-top-column elementor-element elementor-element-68c2b63\" data-id=\"68c2b63\" data-element_type=\"column\" data-e-type=\"column\">\n\t\t\t<div class=\"elementor-widget-wrap elementor-element-populated\">\n\t\t\t\t\t\t<div class=\"elementor-element elementor-element-4831997 elementor-widget elementor-widget-image\" data-id=\"4831997\" data-element_type=\"widget\" data-e-type=\"widget\" data-settings=\"{&quot;sticky&quot;:&quot;top&quot;,&quot;sticky_offset&quot;:20,&quot;sticky_parent&quot;:&quot;yes&quot;,&quot;sticky_on&quot;:[&quot;desktop&quot;,&quot;tablet&quot;,&quot;mobile&quot;],&quot;sticky_effects_offset&quot;:0,&quot;sticky_anchor_link_offset&quot;:0}\" data-widget_type=\"image.default\">\n\t\t\t\t\t\t\t\t\t\t\t\t\t\t\t<img decoding=\"async\" width=\"589\" height=\"1024\" src=\"https:\/\/lidiadecastro.com\/santander\/wp-content\/uploads\/spa-ilumina-589x1024.webp\" class=\"attachment-large size-large wp-image-5709\" alt=\"\" srcset=\"https:\/\/lidiadecastro.com\/santander\/wp-content\/uploads\/spa-ilumina-589x1024.webp 589w, https:\/\/lidiadecastro.com\/santander\/wp-content\/uploads\/spa-ilumina-172x300.webp 172w, https:\/\/lidiadecastro.com\/santander\/wp-content\/uploads\/spa-ilumina-768x1336.webp 768w, https:\/\/lidiadecastro.com\/santander\/wp-content\/uploads\/spa-ilumina-883x1536.webp 883w, https:\/\/lidiadecastro.com\/santander\/wp-content\/uploads\/spa-ilumina-1177x2048.webp 1177w, https:\/\/lidiadecastro.com\/santander\/wp-content\/uploads\/spa-ilumina-scaled.webp 1471w\" sizes=\"(max-width: 589px) 100vw, 589px\" title=\"\">\t\t\t\t\t\t\t\t\t\t\t\t\t\t\t<\/div>\n\t\t\t\t\t<\/div>\n\t\t<\/div>\n\t\t\t\t\t<\/div>\n\t\t<\/section>\n\t\t\t\t<\/div>\n\t\t","protected":false},"excerpt":{"rendered":"<p>Tratamiento Facial en Santander Spa D\u00e9tox Facial Spa Ilumina Facial 01 Spa D\u00e9tox Facial \u2018\u2018 Un ritual de limpieza profunda que purifica, oxigena y revitaliza tu piel, dej\u00e1ndola fresca, luminosa y libre de impurezas.Utilizamos tecnolog\u00eda avanzada hidroterapia para una limpieza facial no invasiva que combina hidrodermoabrasi\u00f3n, extracci\u00f3n de impurezas, exfoliaci\u00f3n y aplicaci\u00f3n de sueros hidratantes, [&hellip;]<\/p>\n","protected":false},"author":1,"featured_media":0,"parent":0,"menu_order":0,"comment_status":"closed","ping_status":"closed","template":"","meta":{"_acf_changed":false,"site-sidebar-layout":"no-sidebar","site-content-layout":"page-builder","ast-site-content-layout":"default","site-content-style":"default","site-sidebar-style":"default","ast-global-header-display":"","ast-banner-title-visibility":"","ast-main-header-display":"","ast-hfb-above-header-display":"","ast-hfb-below-header-display":"","ast-hfb-mobile-header-display":"","site-post-title":"disabled","ast-breadcrumbs-content":"","ast-featured-img":"disabled","footer-sml-layout":"","ast-disable-related-posts":"","theme-transparent-header-meta":"default","adv-header-id-meta":"","stick-header-meta":"","header-above-stick-meta":"","header-main-stick-meta":"","header-below-stick-meta":"","astra-migrate-meta-layouts":"default","ast-page-background-enabled":"default","ast-page-background-meta":{"desktop":{"background-color":"var(--ast-global-color-4)","background-image":"","background-repeat":"repeat","background-position":"center center","background-size":"auto","background-attachment":"scroll","background-type":"","background-media":"","overlay-type":"","overlay-color":"","overlay-opacity":"","overlay-gradient":""},"tablet":{"background-color":"","background-image":"","background-repeat":"repeat","background-position":"center center","background-size":"auto","background-attachment":"scroll","background-type":"","background-media":"","overlay-type":"","overlay-color":"","overlay-opacity":"","overlay-gradient":""},"mobile":{"background-color":"","background-image":"","background-repeat":"repeat","background-position":"center center","background-size":"auto","background-attachment":"scroll","background-type":"","background-media":"","overlay-type":"","overlay-color":"","overlay-opacity":"","overlay-gradient":""}},"ast-content-background-meta":{"desktop":{"background-color":"var(--ast-global-color-5)","background-image":"","background-repeat":"repeat","background-position":"center center","background-size":"auto","background-attachment":"scroll","background-type":"","background-media":"","overlay-type":"","overlay-color":"","overlay-opacity":"","overlay-gradient":""},"tablet":{"background-color":"var(--ast-global-color-5)","background-image":"","background-repeat":"repeat","background-position":"center center","background-size":"auto","background-attachment":"scroll","background-type":"","background-media":"","overlay-type":"","overlay-color":"","overlay-opacity":"","overlay-gradient":""},"mobile":{"background-color":"var(--ast-global-color-5)","background-image":"","background-repeat":"repeat","background-position":"center center","background-size":"auto","background-attachment":"scroll","background-type":"","background-media":"","overlay-type":"","overlay-color":"","overlay-opacity":"","overlay-gradient":""}},"footnotes":""},"class_list":["post-251","page","type-page","status-publish","hentry"],"acf":[],"_links":{"self":[{"href":"https:\/\/lidiadecastro.com\/santander\/wp-json\/wp\/v2\/pages\/251","targetHints":{"allow":["GET"]}}],"collection":[{"href":"https:\/\/lidiadecastro.com\/santander\/wp-json\/wp\/v2\/pages"}],"about":[{"href":"https:\/\/lidiadecastro.com\/santander\/wp-json\/wp\/v2\/types\/page"}],"author":[{"embeddable":true,"href":"https:\/\/lidiadecastro.com\/santander\/wp-json\/wp\/v2\/users\/1"}],"replies":[{"embeddable":true,"href":"https:\/\/lidiadecastro.com\/santander\/wp-json\/wp\/v2\/comments?post=251"}],"version-history":[{"count":184,"href":"https:\/\/lidiadecastro.com\/santander\/wp-json\/wp\/v2\/pages\/251\/revisions"}],"predecessor-version":[{"id":6091,"href":"https:\/\/lidiadecastro.com\/santander\/wp-json\/wp\/v2\/pages\/251\/revisions\/6091"}],"wp:attachment":[{"href":"https:\/\/lidiadecastro.com\/santander\/wp-json\/wp\/v2\/media?parent=251"}],"curies":[{"name":"wp","href":"https:\/\/api.w.org\/{rel}","templated":true}]}}